{"id":1313,"date":"2025-05-25T08:51:10","date_gmt":"2025-05-25T08:51:10","guid":{"rendered":"https:\/\/www.taikasolutions.fi\/product\/taika-berry-batteridriven-barplockare-utan-batteri"},"modified":"2026-01-01T10:40:47","modified_gmt":"2026-01-01T08:40:47","slug":"taika-berry-batteridriven-barplockare-utan-batteri","status":"publish","type":"product","link":"https:\/\/www.taikasolutions.fi\/sv\/produkt\/taika-berry-batteridriven-barplockare-utan-batteri","title":{"rendered":"Taika Berry \u2013 Batteridriven b\u00e4rplockare (utan batteri)"},"content":{"rendered":"<p data-start=\"339\" data-end=\"442\"><strong data-start=\"339\" data-end=\"442\">Ett komplett paket f\u00f6r bekv\u00e4m och enkel b\u00e4rplockning \u2013 inneh\u00e5ller allt du beh\u00f6ver f\u00f6r att komma ig\u00e5ng.<\/strong><\/p>\n<p data-start=\"444\" data-end=\"707\">Taika Berry \u00e4r en finl\u00e4ndsk batteridriven b\u00e4rplockare som g\u00f6r det behagligt, l\u00e4tt och \u00f6verraskande roligt att plocka bl\u00e5b\u00e4r och lingon. I detta paket ing\u00e5r en adapter som \u00e4r kompatibel med Makita-batterier. Om du redan har ett Makita-batteri \u00e4r enheten redo att anv\u00e4ndas direkt.  <\/p>\n<p data-start=\"709\" data-end=\"1036\">Du kan plocka b\u00e4r st\u00e5ende, med rak rygg och utan att beh\u00f6va krypa i buskarna. Du trycker bara p\u00e5 en knapp och maskinen b\u00f6rjar f\u00f6rsiktigt samla in b\u00e4r med flexibla piggar p\u00e5 det roterande plockhuvudet. Uppsamlingshuvudet rymmer cirka en liter b\u00e4r som enkelt kan h\u00e4llas i exempelvis en hink. Beh\u00e5llarens material \u00e4r livsmedelsgodk\u00e4nd plast, s\u00e5 b\u00e4ren h\u00e5lls rena.   <\/p>\n<p data-start=\"1038\" data-end=\"1330\">Enheten fungerar \u00e4ven i sluttningar och p\u00e5 oj\u00e4mn terr\u00e4ng. Motorn stannar automatiskt om en kvist eller gren fastnar i piggarna, och du kan enkelt ta bort hindret genom att trycka p\u00e5 enhetens backfunktion. Skaftet \u00e4r justerbart efter anv\u00e4ndarens l\u00e4ngd, vilket g\u00f6r anv\u00e4ndningen bekv\u00e4m f\u00f6r alla \u00e5ldrar.   <span style=\"font-weight: 400;\">Plockhuvudets rotationshastighet kan stegl\u00f6st justeras f\u00f6r att passa just dig, med h\u00e4nsyn till vegetation och terr\u00e4ng.<\/span><\/p>\n<p data-start=\"1332\" data-end=\"1598\">Taika Berry \u00e4r ett utm\u00e4rkt val \u00e4ven f\u00f6r dem som vill plocka b\u00e4r utan r\u00e4dsla f\u00f6r f\u00e4stingar eller n\u00e4rheten av jordgetingar. Den \u00e4r tyst, l\u00e4tt och inspirerar l\u00e4tt \u00e4ven yngre att delta \u2013 b\u00e4rplockning \u00e4r inte l\u00e4ngre att huka sig utan ett nytt s\u00e4tt att r\u00f6ra sig i naturen. <\/p>\n<p data-start=\"1600\" data-end=\"1747\"><strong data-start=\"1600\" data-end=\"1620\">Paketets inneh\u00e5ll:<\/strong><br \/>\n\u2013 Taika Berry b\u00e4rplockningsmaskin<br data-start=\"1654\" data-end=\"1657\">\u2013 Justerbart plockskaft<br data-start=\"1732\" data-end=\"1735\">\u2013 Bruksanvisning<\/p>\n<p data-start=\"1749\" data-end=\"2022\"><strong data-start=\"1749\" data-end=\"1769\">Tekniska specifikationer:<\/strong><br \/>\n\u2013 Vikt: cirka 1,2 kg<br data-start=\"1790\" data-end=\"1793\">\u2013 Ljudniv\u00e5: mycket tyst<br data-start=\"1823\" data-end=\"1826\">\u2013 Beh\u00e5llarens volym: cirka 1 liter<br data-start=\"1858\" data-end=\"1861\">\u2013 Material: livsmedelsgodk\u00e4nd plast<br data-start=\"1902\" data-end=\"1905\">\u2013 Hastighetskontroll<br data-start=\"1921\" data-end=\"1924\">\u2013 Garanti: 12 m\u00e5nader fr\u00e5n ink\u00f6psdatum<br data-start=\"1958\" data-end=\"1961\">\u2013 EUIPO-m\u00f6nsterskyddad, tillverkad i Finland (Nyckelflaggprodukt)<\/p>\n<p data-start=\"2024\" data-end=\"2218\"><strong data-start=\"2024\" data-end=\"2041\">Observera:<\/strong><br data-start=\"2041\" data-end=\"2044\">Produkten s\u00e4ljs utan batteri och laddare.<\/p>\n","protected":false},"excerpt":{"rendered":"<p>Taika Berry \u00e4r en batteridriven b\u00e4rplockare som g\u00f6r det l\u00e4tt och bekv\u00e4mt att plocka bl\u00e5b\u00e4r och lingon \u2013 utan att beh\u00f6va huka sig, f\u00e5 ont i ryggen eller oroa sig f\u00f6r insekter. En finsk innovation som passar b\u00e4rplockare i alla \u00e5ldrar. Produkt utan batteri och laddare.<\/p>\n","protected":false},"featured_media":1239,"comment_status":"open","ping_status":"closed","template":"","meta":[],"product_brand":[45],"product_cat":[43],"product_tag":[],"class_list":{"0":"post-1313","1":"product","2":"type-product","3":"status-publish","4":"has-post-thumbnail","6":"product_brand-taika-berry","7":"product_cat-barplockare","9":"first","10":"instock","11":"taxable","12":"shipping-taxable","13":"purchasable","14":"product-type-simple"},"_links":{"self":[{"href":"https:\/\/www.taikasolutions.fi\/sv\/wp-json\/wp\/v2\/product\/1313","targetHints":{"allow":["GET"]}}],"collection":[{"href":"https:\/\/www.taikasolutions.fi\/sv\/wp-json\/wp\/v2\/product"}],"about":[{"href":"https:\/\/www.taikasolutions.fi\/sv\/wp-json\/wp\/v2\/types\/product"}],"replies":[{"embeddable":true,"href":"https:\/\/www.taikasolutions.fi\/sv\/wp-json\/wp\/v2\/comments?post=1313"}],"wp:featuredmedia":[{"embeddable":true,"href":"https:\/\/www.taikasolutions.fi\/sv\/wp-json\/wp\/v2\/media\/1239"}],"wp:attachment":[{"href":"https:\/\/www.taikasolutions.fi\/sv\/wp-json\/wp\/v2\/media?parent=1313"}],"wp:term":[{"taxonomy":"product_brand","embeddable":true,"href":"https:\/\/www.taikasolutions.fi\/sv\/wp-json\/wp\/v2\/product_brand?post=1313"},{"taxonomy":"product_cat","embeddable":true,"href":"https:\/\/www.taikasolutions.fi\/sv\/wp-json\/wp\/v2\/product_cat?post=1313"},{"taxonomy":"product_tag","embeddable":true,"href":"https:\/\/www.taikasolutions.fi\/sv\/wp-json\/wp\/v2\/product_tag?post=1313"}],"curies":[{"name":"wp","href":"https:\/\/api.w.org\/{rel}","templated":true}]}}