{"id":1319,"date":"2025-10-10T14:22:38","date_gmt":"2025-10-10T11:22:38","guid":{"rendered":"https:\/\/www.taikasolutions.fi\/product\/taika-berry-batteridriven-barplockare-for-blabar-och-lingon"},"modified":"2026-01-01T10:40:53","modified_gmt":"2026-01-01T08:40:53","slug":"taika-berry-batteridriven-barplockare-for-blabar-och-lingon","status":"publish","type":"product","link":"https:\/\/www.taikasolutions.fi\/sv\/produkt\/taika-berry-batteridriven-barplockare-for-blabar-och-lingon","title":{"rendered":"Taika Berry \u2013 Batteridriven b\u00e4rplockare f\u00f6r bl\u00e5b\u00e4r och lingon"},"content":{"rendered":"<p><strong>Taika Berry-b\u00e4rplockaren<\/strong> g\u00f6r <strong>plockning av bl\u00e5b\u00e4r och lingon<\/strong> l\u00e4tt och sm\u00e4rtfri. Gl\u00f6m hukande och ryggbesv\u00e4r \u2013 denna <strong>ergonomiska, batteridrivna b\u00e4rplockare<\/strong> m\u00f6jligg\u00f6r b\u00e4rplockning bekv\u00e4mt st\u00e5ende.<\/p>\n<h3>Varf\u00f6r v\u00e4lja Taika Berry?<\/h3>\n<ul>\n<li>Inga mer kn\u00e4- eller ryggsm\u00e4rtor<\/li>\n<li>Plocka bl\u00e5b\u00e4r och lingon st\u00e5ende<\/li>\n<li>Batteriet h\u00e5ller upp till 8 timmar<\/li>\n<li>L\u00e4tt och enkel att anv\u00e4nda \u00e4ven f\u00f6r seniorer<\/li>\n<li>Finsk kvalitet och m\u00f6nsterskydd<\/li>\n<\/ul>\n","protected":false},"excerpt":{"rendered":"<p>Taika Berry \u00e4r en <strong data-start=\"1399\" data-end=\"1443\">batteridriven finsk b\u00e4rplockare<\/strong> som g\u00f6r b\u00e4rplockning l\u00e4tt och bekv\u00e4m.<br data-start=\"1490\" data-end=\"1493\">Det l\u00e5ngvariga batteriet h\u00e5ller upp till 8 timmar \u2013 inget mer hukande eller ryggbesv\u00e4r.<\/p>\n<ul>\n<li>Ergonomisk design<\/li>\n<li>Batteriet h\u00e5ller hela dagen<\/li>\n<li>Finsk innovation<\/li>\n<li>Justerbar l\u00e4ngd<\/li>\n<\/ul>\n","protected":false},"featured_media":1320,"comment_status":"open","ping_status":"closed","template":"","meta":[],"product_brand":[45],"product_cat":[43],"product_tag":[44],"class_list":{"0":"post-1319","1":"product","2":"type-product","3":"status-publish","4":"has-post-thumbnail","6":"product_brand-taika-berry","7":"product_cat-barplockare","8":"product_tag-barplockare","10":"first","11":"instock","12":"taxable","13":"shipping-taxable","14":"purchasable","15":"product-type-variable"},"_links":{"self":[{"href":"https:\/\/www.taikasolutions.fi\/sv\/wp-json\/wp\/v2\/product\/1319","targetHints":{"allow":["GET"]}}],"collection":[{"href":"https:\/\/www.taikasolutions.fi\/sv\/wp-json\/wp\/v2\/product"}],"about":[{"href":"https:\/\/www.taikasolutions.fi\/sv\/wp-json\/wp\/v2\/types\/product"}],"replies":[{"embeddable":true,"href":"https:\/\/www.taikasolutions.fi\/sv\/wp-json\/wp\/v2\/comments?post=1319"}],"wp:featuredmedia":[{"embeddable":true,"href":"https:\/\/www.taikasolutions.fi\/sv\/wp-json\/wp\/v2\/media\/1320"}],"wp:attachment":[{"href":"https:\/\/www.taikasolutions.fi\/sv\/wp-json\/wp\/v2\/media?parent=1319"}],"wp:term":[{"taxonomy":"product_brand","embeddable":true,"href":"https:\/\/www.taikasolutions.fi\/sv\/wp-json\/wp\/v2\/product_brand?post=1319"},{"taxonomy":"product_cat","embeddable":true,"href":"https:\/\/www.taikasolutions.fi\/sv\/wp-json\/wp\/v2\/product_cat?post=1319"},{"taxonomy":"product_tag","embeddable":true,"href":"https:\/\/www.taikasolutions.fi\/sv\/wp-json\/wp\/v2\/product_tag?post=1319"}],"curies":[{"name":"wp","href":"https:\/\/api.w.org\/{rel}","templated":true}]}}